{"id":5189,"date":"2026-03-12T08:06:13","date_gmt":"2026-03-12T06:06:13","guid":{"rendered":"https:\/\/magic-ice.ro\/?page_id=5189"},"modified":"2026-03-13T13:29:36","modified_gmt":"2026-03-13T11:29:36","slug":"termeni-si-conditii","status":"publish","type":"page","link":"https:\/\/magic-ice.ro\/en\/termeni-si-conditii\/","title":{"rendered":"Termeni \u0219i Condi\u021bii"},"content":{"rendered":"<h2 class=\"wp-block-heading\">1. Informa\u021bii generale<\/h2><p><br>Site-ul <strong>magic-ice.ro<\/strong> este administrat de societatea <strong>XANERO IMOBILIARE SRL<\/strong>, persoan\u0103 juridic\u0103 rom\u00e2n\u0103, cu urm\u0103toarele date de identificare:<\/p><ul class=\"wp-block-list\"><li><strong>Denumire:<\/strong> XANERO IMOBILIARE SRL<\/li>\n\n<li><strong>CUI:<\/strong> 30901646<\/li>\n\n<li><strong>Nr. Reg. Com.:<\/strong> J02\/1255\/2012<\/li>\n\n<li><strong>Sediu social:<\/strong> Jud. Arad, Mun. Arad (Loc. Arad), Str. Octav Bancila nr. 18, Ap. 1, Cod po\u0219tal 310152<\/li>\n\n<li><strong>Punct de lucru:<\/strong> Jud. Arad, Mun. Arad (Loc. Arad), Str. Octav Bancila nr. 18, Ap. 1, Cod po\u0219tal 310152<br><\/li><\/ul><p>Date de contact:<br>Email: <strong><a>office@magic-ice.ro<\/a><\/strong><\/p><p>Prin utilizarea site-ului \u0219i plasarea unei comenzi, utilizatorul confirm\u0103 c\u0103 a citit \u0219i acceptat ace\u0219ti Termeni \u0219i Condi\u021bii.<\/p><hr class=\"wp-block-separator has-alpha-channel-opacity\"\/><h2 class=\"wp-block-heading\">2. Obiectul site-ului<\/h2><p>Site-ul <strong>magic-ice.ro<\/strong> comercializeaz\u0103 produse destinate prepar\u0103rii \u0219i servirii \u00eenghe\u021batei, inclusiv dar f\u0103r\u0103 a se limita la:<\/p><ul class=\"wp-block-list\"><li>prafuri pentru \u00eenghe\u021bat\u0103<\/li>\n\n<li>toppinguri<\/li>\n\n<li>cornete<\/li>\n\n<li>baze pentru \u00eenghe\u021bat\u0103<\/li>\n\n<li>aditivi alimentari<\/li>\n\n<li>accesorii pentru gelaterii \u0219i aparate de \u00eenghe\u021bat\u0103.<\/li><\/ul><p>Produsele sunt destinate at\u00e2t persoanelor fizice, c\u00e2t \u0219i persoanelor juridice.<\/p><hr class=\"wp-block-separator has-alpha-channel-opacity\"\/><h2 class=\"wp-block-heading\">3. Comenzi<\/h2><p>Comenzile se pot plasa online prin intermediul site-ului.<\/p><p>Dup\u0103 plasarea comenzii, clientul poate primi o confirmare prin email sau telefon.<br>Operatorul site-ului \u00ee\u0219i rezerv\u0103 dreptul de a contacta clientul pentru confirmarea sau clarificarea detaliilor comenzii.<\/p><p>Ne rezerv\u0103m dreptul de a refuza sau anula comenzile \u00een situa\u021bii justificate, precum:<\/p><ul class=\"wp-block-list\"><li>date incomplete sau incorecte<\/li>\n\n<li>suspiciuni de fraud\u0103<\/li>\n\n<li>indisponibilitatea produselor.<\/li><\/ul><hr class=\"wp-block-separator has-alpha-channel-opacity\"\/><h2 class=\"wp-block-heading\">4. Pre\u021buri<\/h2><p>Toate pre\u021burile afi\u0219ate pe site sunt exprimate \u00een <strong>lei (RON)<\/strong>.<\/p><p>Operatorul site-ului \u00ee\u0219i rezerv\u0103 dreptul de a modifica pre\u021burile produselor f\u0103r\u0103 notificare prealabil\u0103.<br>Pre\u021bul final al produsului este cel afi\u0219at \u00een momentul plas\u0103rii comenzii.<\/p><hr class=\"wp-block-separator has-alpha-channel-opacity\"\/><h2 class=\"wp-block-heading\">5. Metode de plat\u0103<\/h2><p>Plata produselor se poate realiza prin metodele disponibile pe site, inclusiv:<\/p><ul class=\"wp-block-list\"><li>plat\u0103 online cu cardul<\/li>\n\n<li>alte metode afi\u0219ate \u00een pagina de finalizare a comenzii.<\/li><\/ul><p>Pl\u0103\u021bile online sunt procesate securizat prin intermediul procesatorului de pl\u0103\u021bi <strong>Netopia Payments<\/strong>.<\/p><p>Operatorul site-ului nu stocheaz\u0103 datele cardului bancar ale clientului.<\/p><hr class=\"wp-block-separator has-alpha-channel-opacity\"\/><h2 class=\"wp-block-heading\">6. Livrarea produselor<\/h2><p>Livrarea produselor se realizeaz\u0103 prin intermediul companiei de curierat <strong>Cargus<\/strong>, la adresa indicat\u0103 de client.<\/p><p>Termenul estimat de livrare este de aproximativ <strong>2\u20133 zile lucr\u0103toare<\/strong> dup\u0103 predarea coletului c\u0103tre curier.<\/p><p>Detalii suplimentare privind livrarea sunt disponibile \u00een pagina <strong><a href=\"https:\/\/magic-ice.ro\/en\/politica-de-livrare\/\" data-type=\"page\" data-id=\"5186\">Politica de Livrare<\/a><\/strong>.<\/p><hr class=\"wp-block-separator has-alpha-channel-opacity\"\/><h2 class=\"wp-block-heading\">7. Dreptul de retur<\/h2><p>Clientul beneficiaz\u0103 de dreptul de retur conform legisla\u021biei privind protec\u021bia consumatorilor.<\/p><p>Condi\u021biile complete pentru returnarea produselor sunt disponibile \u00een pagina <strong>Politica de Retur<\/strong>.<\/p><hr class=\"wp-block-separator has-alpha-channel-opacity\"\/><h2 class=\"wp-block-heading\">8. Limitarea r\u0103spunderii<\/h2><p>Operatorul site-ului nu poate fi responsabil pentru eventuale \u00eent\u00e2rzieri sau probleme cauzate de:<\/p><ul class=\"wp-block-list\"><li>firmele de curierat<\/li>\n\n<li>probleme tehnice independente de controlul nostru<\/li>\n\n<li>for\u021b\u0103 major\u0103.<\/li><\/ul><hr class=\"wp-block-separator has-alpha-channel-opacity\"\/><h2 class=\"wp-block-heading\">9. Protec\u021bia datelor<\/h2><p>Datele personale ale utilizatorilor sunt prelucrate \u00een conformitate cu <a href=\"https:\/\/magic-ice.ro\/en\/politica-de-confindetialitate\/\" data-type=\"page\" data-id=\"2697\"><strong>Politica de Confiden\u021bialitate<\/strong> <\/a>disponibil\u0103 pe site.<\/p><hr class=\"wp-block-separator has-alpha-channel-opacity\"\/><h2 class=\"wp-block-heading\">10. Legisla\u021bia aplicabil\u0103<\/h2><p>Termenii \u0219i condi\u021biile sunt guvernate de legisla\u021bia din <strong>Rom\u00e2nia<\/strong>.<\/p><p>Eventualele litigii vor fi solu\u021bionate pe cale amiabil\u0103, iar \u00een cazul \u00een care acest lucru nu este posibil, vor fi solu\u021bionate de instan\u021bele competente din Rom\u00e2nia.<\/p>","protected":false},"excerpt":{"rendered":"<p>1. Informa\u021bii generale Site-ul magic-ice.ro este administrat de societatea XANERO IMOBILIARE SRL, persoan\u0103 juridic\u0103 rom\u00e2n\u0103, cu urm\u0103toarele date de identificare: Date de contact:Email: office@magic-ice.ro Prin utilizarea site-ului \u0219i plasarea unei comenzi, utilizatorul confirm\u0103 c\u0103 a citit \u0219i acceptat ace\u0219ti Termeni \u0219i Condi\u021bii. 2. Obiectul site-ului Site-ul magic-ice.ro comercializeaz\u0103 produse destinate prepar\u0103rii \u0219i servirii \u00eenghe\u021batei, inclusiv<\/p>\n<div class=\"klb-readmore button\"><a class=\"btn link\" href=\"https:\/\/magic-ice.ro\/en\/termeni-si-conditii\/\">Read More <i class=\"klbth-icon-right-arrow\"><\/i><\/a><\/div>","protected":false},"author":119,"featured_media":0,"parent":0,"menu_order":0,"comment_status":"closed","ping_status":"closed","template":"","meta":{"footnotes":""},"class_list":["post-5189","page","type-page","status-publish","hentry"],"_links":{"self":[{"href":"https:\/\/magic-ice.ro\/en\/wp-json\/wp\/v2\/pages\/5189","targetHints":{"allow":["GET"]}}],"collection":[{"href":"https:\/\/magic-ice.ro\/en\/wp-json\/wp\/v2\/pages"}],"about":[{"href":"https:\/\/magic-ice.ro\/en\/wp-json\/wp\/v2\/types\/page"}],"author":[{"embeddable":true,"href":"https:\/\/magic-ice.ro\/en\/wp-json\/wp\/v2\/users\/119"}],"replies":[{"embeddable":true,"href":"https:\/\/magic-ice.ro\/en\/wp-json\/wp\/v2\/comments?post=5189"}],"version-history":[{"count":3,"href":"https:\/\/magic-ice.ro\/en\/wp-json\/wp\/v2\/pages\/5189\/revisions"}],"predecessor-version":[{"id":5196,"href":"https:\/\/magic-ice.ro\/en\/wp-json\/wp\/v2\/pages\/5189\/revisions\/5196"}],"wp:attachment":[{"href":"https:\/\/magic-ice.ro\/en\/wp-json\/wp\/v2\/media?parent=5189"}],"curies":[{"name":"wp","href":"https:\/\/api.w.org\/{rel}","templated":true}]}}